{"id":3520,"date":"2022-06-27T12:51:24","date_gmt":"2022-06-27T09:51:24","guid":{"rendered":"https:\/\/www.artinres.fi\/?page_id=3520"},"modified":"2022-06-29T16:16:07","modified_gmt":"2022-06-29T13:16:07","slug":"routa-company-residency-en","status":"publish","type":"page","link":"https:\/\/www.fairenetwork.com\/en\/information-and-tools\/interviews\/routa-company-residency-en\/","title":{"rendered":"An interview with Routa Company Residency"},"content":{"rendered":"<h5>27.6.2022<\/h5>\n<h5>Interview: Vilma Pimenoff<\/h5>\n<h5><span lang=\"en\">The article is part of a series of interviews which presents various Finnish residency providers and examines the role of residencies in the field of art and in the society.<\/span><\/h5>\n<p>&nbsp;<\/p>\n<figure id=\"attachment_3443\" aria-describedby=\"caption-attachment-3443\" style=\"width: 670px\" class=\"wp-caption alignnone\"><a href=\"https:\/\/www.fairenetwork.com\/wp-content\/uploads\/2022\/06\/rout2hear.webp\"><img loading=\"lazy\" decoding=\"async\" class=\"size-full wp-image-3443\" src=\"https:\/\/www.fairenetwork.com\/wp-content\/uploads\/2022\/06\/rout2hear.webp\" alt=\"Routa Company residency\" width=\"670\" height=\"448\" srcset=\"https:\/\/www.fairenetwork.com\/wp-content\/uploads\/2022\/06\/rout2hear.webp 670w, https:\/\/www.fairenetwork.com\/wp-content\/uploads\/2022\/06\/rout2hear-300x201.webp 300w, https:\/\/www.fairenetwork.com\/wp-content\/uploads\/2022\/06\/rout2hear-100x67.webp 100w, https:\/\/www.fairenetwork.com\/wp-content\/uploads\/2022\/06\/rout2hear-150x100.webp 150w, https:\/\/www.fairenetwork.com\/wp-content\/uploads\/2022\/06\/rout2hear-200x134.webp 200w, https:\/\/www.fairenetwork.com\/wp-content\/uploads\/2022\/06\/rout2hear-450x301.webp 450w, https:\/\/www.fairenetwork.com\/wp-content\/uploads\/2022\/06\/rout2hear-600x401.webp 600w\" sizes=\"auto, (max-width: 670px) 100vw, 670px\" \/><\/a><figcaption id=\"caption-attachment-3443\" class=\"wp-caption-text\">Routa Company residency, Hear Me Out<\/figcaption><\/figure>\n<p>&nbsp;<\/p>\n<p><span lang=\"en-US\">Routa Company is a professional dance production company operating in the Generaattori premises in the center of Kajaani. The residency program offers 1-3 week long residency periods for professional dancers and groups, as well as for final year students graduating from dance and choreography programmes. Routa offers a rehearsal space and accommodation in the center of Kajaani. The residency has an all-year-round application scheme with no specific deadline.<\/span><\/p>\n<p><span lang=\"en-US\">Routa Company\u2019s artistic director Jouni J\u00e4rvenp\u00e4\u00e4 says he understands the situation for graduating students, the time when one doesn\u2019t yet have the connections in the professional world. The Routa student residency has been born out of the need to support young dance professionals: \u201dIt is important to have an institution who can take the risk and offer space to let one get one\u2019s foot in the door.\u201d<\/span><\/p>\n<p><span lang=\"en-US\">Through the student residency Routa collaborates with dance schools, and it also collaborates with numerous local partners. As one of the special features of Kajaani, J\u00e4rvenp\u00e4\u00e4 mentions the city\u2019s relatively high number of cultural organizations, cultural actors, and professionals in the art field. \u201dIt is easy to find interaction here, for example if the resident artist wants to organize a demo, we can surely find audience who themselves operate in the art world; in theatre, music, and fine arts.<\/span><\/p>\n<p><span lang=\"en-US\">Routa offers the resident 8-hour studio time per day from Monday to Friday, and there is no requirement to produce anything completed. In comparison to rehearsing for a specific project or working for theatre, the residency offers a possibility to work without pressure. Oftentimes residencies require a demo or a public event of some kind. J\u00e4rvenp\u00e4\u00e4 says that those are indeed excellent tools, but stresses that artists work needs to happen out of his or her own interests and needs: \u201dI don\u2019t think it\u2019s good to try to fit anything extra in the residency time that is already limited. On the contrary, we should help enable unrestricted free creation.\u201d J\u00e4rvenp\u00e4\u00e4 underlines that it is possible to apply to the residency even if one didn\u2019t have a specific project, or a performance coming up. It is important for an artist to be able take time for so called ground work, to maintain the energy that is humming inside each artist, so that one is prepared, for example, to produce a commissioned piece with a tight schedule. At Routa it is thought that the ability to work free from pressure to produce is important, and that in the heart of it lies the artists\u2019 curiosity for what is the genuine interest for him or her. Time and space should be allowed for the artist to investigate this.<\/span><\/p>\n<p>&nbsp;<\/p>\n<figure id=\"attachment_3445\" aria-describedby=\"caption-attachment-3445\" style=\"width: 680px\" class=\"wp-caption alignnone\"><a href=\"https:\/\/www.fairenetwork.com\/wp-content\/uploads\/2022\/06\/rout3jukk.webp\"><img loading=\"lazy\" decoding=\"async\" class=\"size-full wp-image-3445\" src=\"https:\/\/www.fairenetwork.com\/wp-content\/uploads\/2022\/06\/rout3jukk.webp\" alt=\"Jukka Takalo &amp; Heli-Maria Latola\" width=\"680\" height=\"383\" srcset=\"https:\/\/www.fairenetwork.com\/wp-content\/uploads\/2022\/06\/rout3jukk.webp 680w, https:\/\/www.fairenetwork.com\/wp-content\/uploads\/2022\/06\/rout3jukk-300x169.webp 300w, https:\/\/www.fairenetwork.com\/wp-content\/uploads\/2022\/06\/rout3jukk-100x56.webp 100w, https:\/\/www.fairenetwork.com\/wp-content\/uploads\/2022\/06\/rout3jukk-150x84.webp 150w, https:\/\/www.fairenetwork.com\/wp-content\/uploads\/2022\/06\/rout3jukk-200x113.webp 200w, https:\/\/www.fairenetwork.com\/wp-content\/uploads\/2022\/06\/rout3jukk-450x253.webp 450w, https:\/\/www.fairenetwork.com\/wp-content\/uploads\/2022\/06\/rout3jukk-600x338.webp 600w\" sizes=\"auto, (max-width: 680px) 100vw, 680px\" \/><\/a><figcaption id=\"caption-attachment-3445\" class=\"wp-caption-text\">Jukka Takalo &amp; Heli-Maria Latola<\/figcaption><\/figure>\n<p>&nbsp;<\/p>\n<p><span lang=\"en-US\">The residency applications are viewed with the focus on the individual\u2019s practice. It is preferred that the practice is driven by artists\u2019 personal interests, and that it is broadly thought of. Choreographic thinking and an active approach to improvisation are also seen as positive points. J\u00e4rvenp\u00e4\u00e4 clarifies that there isn\u2019t a list of keywords that should be in the application, but that every applicant is considered as an individual entity.<\/span><\/p>\n<p><span lang=\"en-US\">J\u00e4rvenp\u00e4\u00e4 considers art as the most open and free form to act out one\u2019s human curiosity. There aren\u2019t predicted rules that would apply to art, and if there is, one doesn\u2019t have to obey them. Making art is not the same as working in science, you cannot fail like you could in the science context.<\/span><\/p>\n<p>&nbsp;<\/p>\n<figure id=\"attachment_3447\" aria-describedby=\"caption-attachment-3447\" style=\"width: 670px\" class=\"wp-caption alignnone\"><a href=\"https:\/\/www.fairenetwork.com\/wp-content\/uploads\/2022\/06\/rout1eero.webp\"><img loading=\"lazy\" decoding=\"async\" class=\"size-full wp-image-3447\" src=\"https:\/\/www.fairenetwork.com\/wp-content\/uploads\/2022\/06\/rout1eero.webp\" alt=\"Eero Savela &amp; Elina Hauta-aho\" width=\"670\" height=\"400\" srcset=\"https:\/\/www.fairenetwork.com\/wp-content\/uploads\/2022\/06\/rout1eero.webp 670w, https:\/\/www.fairenetwork.com\/wp-content\/uploads\/2022\/06\/rout1eero-300x179.webp 300w, https:\/\/www.fairenetwork.com\/wp-content\/uploads\/2022\/06\/rout1eero-100x60.webp 100w, https:\/\/www.fairenetwork.com\/wp-content\/uploads\/2022\/06\/rout1eero-150x90.webp 150w, https:\/\/www.fairenetwork.com\/wp-content\/uploads\/2022\/06\/rout1eero-200x119.webp 200w, https:\/\/www.fairenetwork.com\/wp-content\/uploads\/2022\/06\/rout1eero-450x269.webp 450w, https:\/\/www.fairenetwork.com\/wp-content\/uploads\/2022\/06\/rout1eero-600x358.webp 600w\" sizes=\"auto, (max-width: 670px) 100vw, 670px\" \/><\/a><figcaption id=\"caption-attachment-3447\" class=\"wp-caption-text\">Eero Savela &amp; Elina Hauta-aho<\/figcaption><\/figure>\n<p>&nbsp;<\/p>\n<p><span lang=\"en-US\">The Routa residency acknowledges the value of collegial interaction. Depending on the artist\u2019s preferences, this can be either artistic mentoring or conversational support, an outsider\u2019s eye in the rehearsals, or just conversation around the current topic related to the practice. Another form of interaction that Routa offers is production support. Routa\u2019s open-plan office is located in the same building with the rehearsal space, so meeting one another comes naturally. <\/span><\/p>\n<p><span lang=\"en-US\">One indisputable asset of working at a residency is the networking it offers. As well as Routa gets to know the resident artists, the artists also get to know Routa. The different artists passing through the residency also influence one another through their work and the trace each one leaves at the residency, and which the next resident artist senses.<\/span><\/p>\n<p><span lang=\"en-US\">J\u00e4rvenp\u00e4\u00e4 says that he is happy to keep in contact with the resident artists also after the residency is over. It is interesting to follow how the artists and their projects advance.<\/span><\/p>\n<p><span lang=\"en-US\">When asked the question if there is something artistically new being born at the residency, J\u00e4rvenp\u00e4\u00e4 answers that creating new art lies in the hands of the artists, and it cannot be steered from the outside. New things come from the artists themselves and manifest in their work.<\/span><\/p>\n<p><span lang=\"en-US\">Routa Company itself as a residency institution wishes to continue to develop as an organization who supports artistic freedom. One could think that it is also artistic freedom being able to determine one\u2019s working hours. With this comes the danger to exhaust oneself with continuous work. \u201cIf these kind of topics can be discussed in the residency, then I believe something is moving in the right direction\u201d, J\u00e4rvenp\u00e4\u00e4 concludes.<\/span><\/p>\n<p>More information: <a href=\"http:\/\/routacompany.fi\/en\/for-artists\/residence-activity\/\">Routa Company Residency<\/a><\/p>\n","protected":false},"excerpt":{"rendered":"<p>27.6.2022 Interview: Vilma Pimenoff The article is part of a series of interviews which presents various Finnish residency providers and examines the role of residencies in the field of art and in the society. &nbsp; &nbsp; Routa Company is a&#8230;<br \/><a class=\"btn btn-primary\" href=\"https:\/\/www.fairenetwork.com\/en\/information-and-tools\/interviews\/routa-company-residency-en\/\">Read more<\/a><\/p>\n","protected":false},"author":3,"featured_media":0,"parent":3488,"menu_order":0,"comment_status":"closed","ping_status":"closed","template":"","meta":{"_acf_changed":false,"footnotes":""},"class_list":["post-3520","page","type-page","status-publish","hentry"],"acf":[],"_links":{"self":[{"href":"https:\/\/www.fairenetwork.com\/en\/wp-json\/wp\/v2\/pages\/3520","targetHints":{"allow":["GET"]}}],"collection":[{"href":"https:\/\/www.fairenetwork.com\/en\/wp-json\/wp\/v2\/pages"}],"about":[{"href":"https:\/\/www.fairenetwork.com\/en\/wp-json\/wp\/v2\/types\/page"}],"author":[{"embeddable":true,"href":"https:\/\/www.fairenetwork.com\/en\/wp-json\/wp\/v2\/users\/3"}],"replies":[{"embeddable":true,"href":"https:\/\/www.fairenetwork.com\/en\/wp-json\/wp\/v2\/comments?post=3520"}],"version-history":[{"count":6,"href":"https:\/\/www.fairenetwork.com\/en\/wp-json\/wp\/v2\/pages\/3520\/revisions"}],"predecessor-version":[{"id":3658,"href":"https:\/\/www.fairenetwork.com\/en\/wp-json\/wp\/v2\/pages\/3520\/revisions\/3658"}],"up":[{"embeddable":true,"href":"https:\/\/www.fairenetwork.com\/en\/wp-json\/wp\/v2\/pages\/3488"}],"wp:attachment":[{"href":"https:\/\/www.fairenetwork.com\/en\/wp-json\/wp\/v2\/media?parent=3520"}],"curies":[{"name":"wp","href":"https:\/\/api.w.org\/{rel}","templated":true}]}}