{"id":3490,"date":"2022-06-27T11:51:13","date_gmt":"2022-06-27T08:51:13","guid":{"rendered":"https:\/\/www.artinres.fi\/?page_id=3490"},"modified":"2022-06-29T16:18:14","modified_gmt":"2022-06-29T13:18:14","slug":"arteles-en","status":"publish","type":"page","link":"https:\/\/www.fairenetwork.com\/en\/information-and-tools\/interviews\/arteles-en\/","title":{"rendered":"An interview with Arteles Creative Center"},"content":{"rendered":"<h5 lang=\"en-US\">27.6.2022<\/h5>\n<h5 lang=\"en-US\">Interview: Vilma Pimenoff<\/h5>\n<h5 lang=\"en-US\">Images: Teemu R\u00e4s\u00e4nen<\/h5>\n<h5><span lang=\"en\">The article is part of a series of interviews which presents various Finnish residency providers and examines the role of residencies in the field of art and in the society.<\/span><\/h5>\n<p>&nbsp;<\/p>\n<p><a href=\"https:\/\/www.fairenetwork.com\/wp-content\/uploads\/2022\/06\/arte2upien.webp\"><img loading=\"lazy\" decoding=\"async\" class=\"alignnone wp-image-3342 size-full\" src=\"https:\/\/www.fairenetwork.com\/wp-content\/uploads\/2022\/06\/arte2upien.webp\" alt=\"Arteles Residency\" width=\"670\" height=\"446\" srcset=\"https:\/\/www.fairenetwork.com\/wp-content\/uploads\/2022\/06\/arte2upien.webp 670w, https:\/\/www.fairenetwork.com\/wp-content\/uploads\/2022\/06\/arte2upien-300x200.webp 300w, https:\/\/www.fairenetwork.com\/wp-content\/uploads\/2022\/06\/arte2upien-100x67.webp 100w, https:\/\/www.fairenetwork.com\/wp-content\/uploads\/2022\/06\/arte2upien-150x100.webp 150w, https:\/\/www.fairenetwork.com\/wp-content\/uploads\/2022\/06\/arte2upien-200x133.webp 200w, https:\/\/www.fairenetwork.com\/wp-content\/uploads\/2022\/06\/arte2upien-450x300.webp 450w, https:\/\/www.fairenetwork.com\/wp-content\/uploads\/2022\/06\/arte2upien-600x399.webp 600w\" sizes=\"auto, (max-width: 670px) 100vw, 670px\" \/><\/a><\/p>\n<p>&nbsp;<\/p>\n<p lang=\"en-US\">Situated in H\u00e4meenkyr\u00f6, Pirkanmaa, Arteles creative residency center offers thematic residencies for artists. Arteles aims to be a multidisciplinary residency, and the resident artists are chosen so that the scope of artists and their mediums is diverse. Teemu R\u00e4s\u00e4nen, one of the founding members and the director of the residency center, says it is important to have artists of different ages working at the residency side by side. This paves the way for learning from one another, about different ways of being and different ways of making art. Diversity in mediums also supports the possibility of exchange and collaboration between artists. As the dynamics between the residents is important, Arteles favors individual artists instead of groups of artists who already know each other. There are 12 artists at the residency at a time, plus one or two alumni residents as programme support.<\/p>\n<p lang=\"en-US\">R\u00e4s\u00e4nen, who has also worked long periods abroad, says that the residency activities in H\u00e4meenkyr\u00f6 started in 2010 and the idea of a thematic residency developed soon after. He questioned what else a residency could offer apart from space and time, and whether there were other ways to further support an individual\u2019s development and creative process? The thematic residency was born as an answer to these questions and encourages dialogue between the artists.<\/p>\n<p>&nbsp;<\/p>\n<figure id=\"attachment_3309\" aria-describedby=\"caption-attachment-3309\" style=\"width: 650px\" class=\"wp-caption alignnone\"><a href=\"https:\/\/www.fairenetwork.com\/wp-content\/uploads\/2022\/06\/artel1pien.webp\"><img loading=\"lazy\" decoding=\"async\" class=\"wp-image-3309 size-full\" src=\"https:\/\/www.fairenetwork.com\/wp-content\/uploads\/2022\/06\/artel1pien.webp\" alt=\"Arteles Residency\" width=\"650\" height=\"488\" srcset=\"https:\/\/www.fairenetwork.com\/wp-content\/uploads\/2022\/06\/artel1pien.webp 650w, https:\/\/www.fairenetwork.com\/wp-content\/uploads\/2022\/06\/artel1pien-300x225.webp 300w, https:\/\/www.fairenetwork.com\/wp-content\/uploads\/2022\/06\/artel1pien-100x75.webp 100w, https:\/\/www.fairenetwork.com\/wp-content\/uploads\/2022\/06\/artel1pien-150x113.webp 150w, https:\/\/www.fairenetwork.com\/wp-content\/uploads\/2022\/06\/artel1pien-200x150.webp 200w, https:\/\/www.fairenetwork.com\/wp-content\/uploads\/2022\/06\/artel1pien-450x338.webp 450w, https:\/\/www.fairenetwork.com\/wp-content\/uploads\/2022\/06\/artel1pien-600x450.webp 600w\" sizes=\"auto, (max-width: 650px) 100vw, 650px\" \/><\/a><figcaption id=\"caption-attachment-3309\" class=\"wp-caption-text\">Artists meeting<\/figcaption><\/figure>\n<p lang=\"en-US\">Certain ideas are continually discussed as the residency continues to evolve, including different processes and ways of working, and how the immediate environment and living conditions affect creative work. Questions such as: How do different life situations and creative work go together? Where does the money come from for the artist? What is a good daily routine that supports creative work? Ecology, the environment, and feminism are other topics that have been much discussed in recent years, considering what kind of values people have and how they manifest?<\/p>\n<p lang=\"en-US\">Another important subject is the well-being of individuals. R\u00e4s\u00e4nen says: \u201cWhen well-being is being discussed, it can lead deeper beyond the surface, and unites people in a completely different way\u201d. The literature available at Arteles library supports this, where instead of art books, one can find more books about well-being and the creative process.<\/p>\n<p><span lang=\"en-US\">Asked about the meaningfulness of art produced at the residency R\u00e4s\u00e4nen says: \u201cI don\u2019t consider art meaningful in itself, but the creativity behind it is meaningful. It is more important to concentrate on being creative and only after that you can contemplate whether you want to call it art or not. Context is often the determining factor that makes something be considered as art. The context of representation, the branding of the artist\u2019s identity and ways of performing artist hood and art itself are all very reasonable. From the point of the spectator, why is one thing considered to be art and another not \u2014 what are the factors that bring forth the subjective notion of art?\u201d.<\/span><\/p>\n<p><span lang=\"en-US\">R\u00e4s\u00e4nen discusses how in art school one often learns to make art in a particular way. Performance, installation, painting, and other categories define art by the medium. In addition, one must be aware of art history, of all that has been done before. This is partly contradictory to creative art-making, because art history creates the idea of what art is, and this for its part leads to a situation where what is produced is increasingly art that looks like art. \u201dWhat if one could just confront the artwork and experience it without the awareness of the definition of what is art?\u201d R\u00e4s\u00e4nen asks.<\/span><\/p>\n<p><span lang=\"en-US\">For R\u00e4s\u00e4nen, creative art-making means unrestricted free action that doesn\u2019t have to look like a certain kind of art, doesn\u2019t have to be made in any specific way, and doesn\u2019t have to be displayed in any specific environment. R\u00e4s\u00e4nen mentions a project from a few years ago, where Arteles resident artists organized an \u2018art-pizza taxi\u2019. The idea was to to bring art to local people, so instruments and utensils were packed into the residency car and driven to the homes and workplaces of those people who ordered an art delivery. The experiment resulted in fun and surprising encounters.<\/span><\/p>\n<p>&nbsp;<\/p>\n<figure id=\"attachment_3313\" aria-describedby=\"caption-attachment-3313\" style=\"width: 650px\" class=\"wp-caption alignnone\"><a href=\"https:\/\/www.fairenetwork.com\/wp-content\/uploads\/2022\/06\/artel3pien.webp\"><img loading=\"lazy\" decoding=\"async\" class=\"wp-image-3313 size-full\" src=\"https:\/\/www.fairenetwork.com\/wp-content\/uploads\/2022\/06\/artel3pien.webp\" alt=\"Arteles residency\" width=\"650\" height=\"488\" srcset=\"https:\/\/www.fairenetwork.com\/wp-content\/uploads\/2022\/06\/artel3pien.webp 650w, https:\/\/www.fairenetwork.com\/wp-content\/uploads\/2022\/06\/artel3pien-300x225.webp 300w, https:\/\/www.fairenetwork.com\/wp-content\/uploads\/2022\/06\/artel3pien-100x75.webp 100w, https:\/\/www.fairenetwork.com\/wp-content\/uploads\/2022\/06\/artel3pien-150x113.webp 150w, https:\/\/www.fairenetwork.com\/wp-content\/uploads\/2022\/06\/artel3pien-200x150.webp 200w, https:\/\/www.fairenetwork.com\/wp-content\/uploads\/2022\/06\/artel3pien-450x338.webp 450w, https:\/\/www.fairenetwork.com\/wp-content\/uploads\/2022\/06\/artel3pien-600x450.webp 600w\" sizes=\"auto, (max-width: 650px) 100vw, 650px\" \/><\/a><figcaption id=\"caption-attachment-3313\" class=\"wp-caption-text\">Studio in Arteles<\/figcaption><\/figure>\n<p lang=\"en-US\">The residency has a participation fee, which R\u00e4s\u00e4nen clarifies exists because Arteles aims to be self-sufficient to a certain extent in order to be able to operate independently when it comes to questions around culture policy and to growing and developing its operation. \u201dThe activity cannot be sustainable if one is continually fully dependent on the result of the following year\u2019s funding application. The ideal situation would be that we wouldn\u2019t have to charge anyone coming to the residency, but we are not yet at that point.\u201d<\/p>\n<p lang=\"en-US\">However, Arteles offers a subsidized participation fee for those coming from countries of lower income.<\/p>\n<p lang=\"en-US\">Arteles also collaborates with other art institutions. Events led by the residents have been organized at Pori Art Museum, and over the years Arteles has also worked with Tampere Art Museum as well as Kiasma Museum.<\/p>\n<p>More information: <a href=\"http:\/\/www.arteles.fi\">Arteles<\/a><\/p>\n<p>&nbsp;<\/p>\n<p><a href=\"https:\/\/www.fairenetwork.com\/wp-content\/uploads\/2022\/06\/artel4pien.webp\"><img loading=\"lazy\" decoding=\"async\" class=\"alignnone wp-image-3315 size-full\" src=\"https:\/\/www.fairenetwork.com\/wp-content\/uploads\/2022\/06\/artel4pien.webp\" alt=\"Arteles Residency\" width=\"650\" height=\"488\" srcset=\"https:\/\/www.fairenetwork.com\/wp-content\/uploads\/2022\/06\/artel4pien.webp 650w, https:\/\/www.fairenetwork.com\/wp-content\/uploads\/2022\/06\/artel4pien-300x225.webp 300w, https:\/\/www.fairenetwork.com\/wp-content\/uploads\/2022\/06\/artel4pien-100x75.webp 100w, https:\/\/www.fairenetwork.com\/wp-content\/uploads\/2022\/06\/artel4pien-150x113.webp 150w, https:\/\/www.fairenetwork.com\/wp-content\/uploads\/2022\/06\/artel4pien-200x150.webp 200w, https:\/\/www.fairenetwork.com\/wp-content\/uploads\/2022\/06\/artel4pien-450x338.webp 450w, https:\/\/www.fairenetwork.com\/wp-content\/uploads\/2022\/06\/artel4pien-600x450.webp 600w\" sizes=\"auto, (max-width: 650px) 100vw, 650px\" \/><\/a><\/p>\n","protected":false},"excerpt":{"rendered":"<p>27.6.2022 Interview: Vilma Pimenoff Images: Teemu R\u00e4s\u00e4nen The article is part of a series of interviews which presents various Finnish residency providers and examines the role of residencies in the field of art and in the society. &nbsp; <a href=\"https:\/\/www.fairenetwork.com\/wp-content\/uploads\/2022\/06\/arte2upien.webp\"><\/a> &nbsp; Situated&#8230;<br \/><a class=\"btn btn-primary\" href=\"https:\/\/www.fairenetwork.com\/en\/information-and-tools\/interviews\/arteles-en\/\">Read more<\/a><\/p>\n","protected":false},"author":3,"featured_media":0,"parent":3488,"menu_order":2,"comment_status":"closed","ping_status":"closed","template":"","meta":{"_acf_changed":false,"footnotes":""},"class_list":["post-3490","page","type-page","status-publish","hentry"],"acf":[],"_links":{"self":[{"href":"https:\/\/www.fairenetwork.com\/en\/wp-json\/wp\/v2\/pages\/3490","targetHints":{"allow":["GET"]}}],"collection":[{"href":"https:\/\/www.fairenetwork.com\/en\/wp-json\/wp\/v2\/pages"}],"about":[{"href":"https:\/\/www.fairenetwork.com\/en\/wp-json\/wp\/v2\/types\/page"}],"author":[{"embeddable":true,"href":"https:\/\/www.fairenetwork.com\/en\/wp-json\/wp\/v2\/users\/3"}],"replies":[{"embeddable":true,"href":"https:\/\/www.fairenetwork.com\/en\/wp-json\/wp\/v2\/comments?post=3490"}],"version-history":[{"count":15,"href":"https:\/\/www.fairenetwork.com\/en\/wp-json\/wp\/v2\/pages\/3490\/revisions"}],"predecessor-version":[{"id":3661,"href":"https:\/\/www.fairenetwork.com\/en\/wp-json\/wp\/v2\/pages\/3490\/revisions\/3661"}],"up":[{"embeddable":true,"href":"https:\/\/www.fairenetwork.com\/en\/wp-json\/wp\/v2\/pages\/3488"}],"wp:attachment":[{"href":"https:\/\/www.fairenetwork.com\/en\/wp-json\/wp\/v2\/media?parent=3490"}],"curies":[{"name":"wp","href":"https:\/\/api.w.org\/{rel}","templated":true}]}}