{"id":3488,"date":"2022-06-27T11:47:46","date_gmt":"2022-06-27T08:47:46","guid":{"rendered":"https:\/\/www.artinres.fi\/?page_id=3488"},"modified":"2023-03-08T17:21:05","modified_gmt":"2023-03-08T15:21:05","slug":"interviews","status":"publish","type":"page","link":"https:\/\/www.fairenetwork.com\/en\/information-and-tools\/interviews\/","title":{"rendered":"Interviews"},"content":{"rendered":"<p>Interviews about residencies in Finland.<\/p>\n<p>&nbsp;<\/p>\n<p>ESKUS, Helsinki, Meena Kaunisto, Titta Halinen, Laura Kangasniemi <a href=\"https:\/\/www.fairenetwork.com\/en\/information-and-tools\/interviews\/eskus-en\/\"><b>&gt;&gt;<\/b><\/a><\/p>\n<p>Haihatus, Joutsa, Risto Puurunen, Maija Syd\u00e4nmaanlakka, Anna Miller<a href=\"https:\/\/www.fairenetwork.com\/en\/information-and-tools\/interviews\/haihatus-en\/\"><b> &gt;&gt;<\/b><\/a><\/p>\n<p>Kutomo, Turku, director Anna Torkkel <a href=\"https:\/\/www.fairenetwork.com\/en\/information-and-tools\/interviews\/kutomo-en\/\"><strong>&gt;&gt;<\/strong><\/a><\/p>\n<p>Old Mine, Outokumpu, culture director Mari Kortelainen <a href=\"https:\/\/www.fairenetwork.com\/en\/information-and-tools\/interviews\/old-mine-en\/\"><b>&gt;&gt;<\/b><\/a><\/p>\n<p>Silence residency, Kittil\u00e4, director Joonas Martikainen <a href=\"https:\/\/www.fairenetwork.com\/en\/information-and-tools\/interviews\/silence-en\/\">&gt;&gt;<\/a><\/p>\n<p>Arteles, H\u00e4meenkyr\u00f6, director Teemu R\u00e4s\u00e4nen <a href=\"https:\/\/www.fairenetwork.com\/en\/information-and-tools\/interviews\/arteles-en\/\">&gt;&gt;<\/a><\/p>\n<p>Cirko&#8217;s residency, Helsinki, a<span lang=\"en-US\">cting director Jarkko Lehmus\u00a0<\/span><span style=\"color: #000000;\"><span style=\"font-family: Calibri, serif;\"><span lang=\"en-US\"> <a href=\"https:\/\/www.fairenetwork.com\/en\/information-and-tools\/interviews\/cirko-en\/\">&gt;&gt;<\/a><\/span><\/span><\/span><\/p>\n<p lang=\"en-US\">Fiskars AiR, Fiskars, residency coordinator Kati Sointukangas\u00a0<span style=\"color: #000000;\"><span style=\"font-family: Calibri, serif;\"> <a href=\"https:\/\/www.fairenetwork.com\/en\/information-and-tools\/interviews\/fiskars-air-en\/\">&gt;&gt;<\/a><\/span><\/span><\/p>\n<p lang=\"en-US\">RaumArs, Rauma, residency director Hannele Kolsio<span style=\"color: #000000;\"><span style=\"font-family: Calibri, serif;\"> <a href=\"https:\/\/www.fairenetwork.com\/en\/information-and-tools\/interviews\/raumars-en\/\">&gt;&gt;<\/a><\/span><\/span><\/p>\n<p lang=\"en-US\">Routa Company Residency, Kajaani, artistic director Jouni J\u00e4rvenp\u00e4\u00e4<span style=\"color: #000000;\"><span style=\"font-family: Calibri, serif;\"> <a href=\"https:\/\/www.fairenetwork.com\/en\/information-and-tools\/interviews\/routa-company-residency-en\/\">&gt;&gt;<\/a><\/span><\/span><\/p>\n<p lang=\"en-US\">The Saari Residence, Myn\u00e4m\u00e4ki, residency director Leena Kela <span style=\"color: #000000;\"><span style=\"font-family: Calibri, serif;\"><a href=\"https:\/\/www.fairenetwork.com\/en\/information-and-tools\/interviews\/saari-residence-en\/\">&gt;&gt;<\/a><\/span><\/span><\/p>\n<p lang=\"en-US\">Titanik residency, Turku, vice-chairperson Sami Pikkarainen and director Mirjami Schuppert<span style=\"color: #000000;\"><span style=\"font-family: Calibri, serif;\"> <a href=\"https:\/\/www.fairenetwork.com\/en\/information-and-tools\/interviews\/titanik-residency-en\/\">&gt;&gt;<\/a><\/span><\/span><\/p>\n","protected":false},"excerpt":{"rendered":"<p>Interviews about residencies in Finland. &nbsp; ESKUS, Helsinki, Meena Kaunisto, Titta Halinen, Laura Kangasniemi <a href=\"https:\/\/www.fairenetwork.com\/en\/information-and-tools\/interviews\/eskus-en\/\">&gt;&gt;<\/a> Haihatus, Joutsa, Risto Puurunen, Maija Syd\u00e4nmaanlakka, Anna Miller <a href=\"https:\/\/www.fairenetwork.com\/en\/information-and-tools\/interviews\/haihatus-en\/\"> &gt;&gt;<\/a> Kutomo, Turku, director Anna Torkkel <a href=\"https:\/\/www.fairenetwork.com\/en\/information-and-tools\/interviews\/kutomo-en\/\">&gt;&gt;<\/a> Old Mine, Outokumpu, culture director Mari Kortelainen <a href=\"https:\/\/www.fairenetwork.com\/en\/information-and-tools\/interviews\/old-mine-en\/\">&gt;&gt;<\/a> Silence residency, Kittil\u00e4, director Joonas Martikainen&#8230;<br \/><a class=\"btn btn-primary\" href=\"https:\/\/www.fairenetwork.com\/en\/information-and-tools\/interviews\/\">Read more<\/a><\/p>\n","protected":false},"author":3,"featured_media":0,"parent":103,"menu_order":0,"comment_status":"closed","ping_status":"closed","template":"","meta":{"_acf_changed":false,"footnotes":""},"class_list":["post-3488","page","type-page","status-publish","hentry"],"acf":[],"_links":{"self":[{"href":"https:\/\/www.fairenetwork.com\/en\/wp-json\/wp\/v2\/pages\/3488","targetHints":{"allow":["GET"]}}],"collection":[{"href":"https:\/\/www.fairenetwork.com\/en\/wp-json\/wp\/v2\/pages"}],"about":[{"href":"https:\/\/www.fairenetwork.com\/en\/wp-json\/wp\/v2\/types\/page"}],"author":[{"embeddable":true,"href":"https:\/\/www.fairenetwork.com\/en\/wp-json\/wp\/v2\/users\/3"}],"replies":[{"embeddable":true,"href":"https:\/\/www.fairenetwork.com\/en\/wp-json\/wp\/v2\/comments?post=3488"}],"version-history":[{"count":22,"href":"https:\/\/www.fairenetwork.com\/en\/wp-json\/wp\/v2\/pages\/3488\/revisions"}],"predecessor-version":[{"id":3967,"href":"https:\/\/www.fairenetwork.com\/en\/wp-json\/wp\/v2\/pages\/3488\/revisions\/3967"}],"up":[{"embeddable":true,"href":"https:\/\/www.fairenetwork.com\/en\/wp-json\/wp\/v2\/pages\/103"}],"wp:attachment":[{"href":"https:\/\/www.fairenetwork.com\/en\/wp-json\/wp\/v2\/media?parent=3488"}],"curies":[{"name":"wp","href":"https:\/\/api.w.org\/{rel}","templated":true}]}}