{"id":1682,"date":"2015-04-09T16:05:24","date_gmt":"2015-04-09T13:05:24","guid":{"rendered":"https:\/\/www.artinres.fi\/haettavana\/"},"modified":"2021-03-16T20:32:50","modified_gmt":"2021-03-16T18:32:50","slug":"haettavana","status":"publish","type":"page","link":"https:\/\/www.fairenetwork.com\/en\/haettavana\/","title":{"rendered":"Haettavana | Upcoming calls"},"content":{"rendered":"<h2>Circolo Scandinavo (IT)<\/h2>\n<p>Artist in Residency Program<br \/>\nOctober 2021 &#8211; September 2022<\/p>\n<p>Artists from all Nordic countries and all art disciplines may apply.\u00a0 The application period is from 1st of February to <strong>1st of April<\/strong>.<\/p>\n<p><a href=\"https:\/\/www.circoloscandinavo.it\/residency-program\/\">https:\/\/www.circoloscandinavo.it\/residency-program\/<\/a><\/p>\n<hr \/>\n<h2>Serlachius residenssi \/ Serlachius residency (FI)<\/h2>\n<div class=\"kvgmc6g5 cxmmr5t8 oygrvhab hcukyx3x c1et5uql ii04i59q\">\n<div dir=\"auto\">Hakuaika vuodelle 2022 on alkanut: <a class=\"oajrlxb2 g5ia77u1 qu0x051f esr5mh6w e9989ue4 r7d6kgcz rq0escxv nhd2j8a9 nc684nl6 p7hjln8o kvgmc6g5 cxmmr5t8 oygrvhab hcukyx3x jb3vyjys rz4wbd8a qt6c0cv9 a8nywdso i1ao9s8h esuyzwwr f1sip0of lzcic4wl py34i1dx gpro0wi8\" tabindex=\"0\" role=\"link\" href=\"https:\/\/serlachiusresidency.fi\/etusivu\/residenssipaikan-hakeminen\/?fbclid=IwAR2u8HO3MNsOPxKIud2D8YFvDM7qzKFfHVeub-ABl33x-ogAU3_6YSLAPuI\" target=\"_blank\" rel=\"nofollow noopener\">https:\/\/serlachiusresidency.fi\/\u2026\/residenssipaikan-hakeminen\/<\/a><\/div>\n<div dir=\"auto\">\/\/<\/div>\n<\/div>\n<div class=\"o9v6fnle cxmmr5t8 oygrvhab hcukyx3x c1et5uql ii04i59q\">\n<div dir=\"auto\">Application period for 2022 is now open: <a class=\"oajrlxb2 g5ia77u1 qu0x051f esr5mh6w e9989ue4 r7d6kgcz rq0escxv nhd2j8a9 nc684nl6 p7hjln8o kvgmc6g5 cxmmr5t8 oygrvhab hcukyx3x jb3vyjys rz4wbd8a qt6c0cv9 a8nywdso i1ao9s8h esuyzwwr f1sip0of lzcic4wl py34i1dx gpro0wi8\" tabindex=\"0\" role=\"link\" href=\"https:\/\/serlachiusresidency.fi\/en\/etusivu\/residenssipaikan-hakeminen\/?fbclid=IwAR3gO9JyE0DP-kvco8UznuvdSR8Zb6wxTMcDvFzE0bujSRH2_GGxOKoX-QM\" target=\"_blank\" rel=\"nofollow noopener\">https:\/\/serlachiusresidency.fi\/\u2026\/residenssipaikan-hakeminen\/<\/a><\/div>\n<\/div>\n<div dir=\"auto\">\n<hr \/>\n<\/div>\n<h2>Suomen kulttuurirahaston liikkuvuusapurahat<\/h2>\n<p>Hakuaika: 10.3.\u2013<strong>31.3.2021<\/strong><\/p>\n<p>Liikkuvuusapurahan tavoitteena on mahdollistaa taiteilijoille ja taidekriitikoille ulkomaisen oleskelujakson avulla uusia v\u00e4lineit\u00e4 ja verkostoja taiteellisen ty\u00f6skentelyns\u00e4 tueksi. Apurahalla rahoitettavia kuluja voivat olla esimerkiksi residenssity\u00f6skentelyyn liittyv\u00e4t matkat. Liikkuvuusapurahahaussa ei voi hakea ty\u00f6skentelyapurahaa, vaan ty\u00f6skentelyn rahoitus tulee toteutua muista l\u00e4hteist\u00e4. Liikkuvuusapurahojen haku on kaksi kertaa vuodessa, maalis- ja elokuussa.<\/p>\n<p><a href=\"https:\/\/skr.fi\/apurahat\/maaliskuun-haku\/liikkuvuusapuraha-maaliskuun-haku\">https:\/\/skr.fi\/apurahat\/maaliskuun-haku\/liikkuvuusapuraha-maaliskuun-haku<\/a><\/p>\n<hr \/>\n<h2>Saaren kartanon residenssit vuodelle 2022 (FI)<\/h2>\n<p>Hakuaika Koneen S\u00e4\u00e4ti\u00f6n Saaren kartanon kansainv\u00e4liseen taiteilijaresidenssiin Myn\u00e4m\u00e4ell\u00e4 alkaa 1.3. ja p\u00e4\u00e4ttyy <strong>31.3.<\/strong><\/p>\n<p>Residenssipaikkaa voivat hakea yksitt\u00e4iset eri alojen suomalaiset ja ulkomaiset ammattitaiteilijat, kirjailijat, k\u00e4\u00e4nt\u00e4j\u00e4t, kuraattorit, kriitikot ja taiteilijaryhm\u00e4t ennalta esitetyn ty\u00f6suunnitelman toteuttamiseen Saaren kartanossa. Kahden kuukauden mittaiseen yksil\u00f6residenssiin sis\u00e4ltyy asunto, ty\u00f6huone ja kuukausiapuraha.\u00a0 Residenssi tarjoaa ainutlaatuisen paikan taiteelliseen ty\u00f6skentelyyn syventymiseen ja vuorovaikutukseen eri alojen taiteilijoiden kanssa.<\/p>\n<p>Lue lis\u00e4\u00e4 <a href=\"https:\/\/koneensaatio.fi\/saaren-kartanon-residenssi\/residenssin-hakijalle\/\">&gt;&gt;<\/a><\/p>\n<hr \/>\n<h2>Tuulensuun ateljeetalo (FI)<\/h2>\n<p>Ensi kes\u00e4n hakuaika Tuulensuun ateljeetaloon p\u00e4\u00e4ttyy keskiviikkona <strong>31.3.2021<\/strong>.<br \/>\nTarkemmat tiedot l\u00f6yd\u00e4t Ateljeetalon verkkosivuilta valikosta Ateljeetalo -&gt; <a href=\"http:\/\/www.tuulensuu.net\/wp\/hakeminen\/\">Hakeminen<\/a> -&gt; <a href=\"http:\/\/www.tuulensuu.net\/wp\/vuokraviikot\/\">Vuokraviikot<\/a><\/p>\n<hr \/>\n<h2>Greta ja William Lehtisen s\u00e4\u00e4ti\u00f6n taiteilijaresidenssi (FI)<\/h2>\n<p>Greta ja William Lehtisen S\u00e4\u00e4ti\u00f6n taiteilijaresidenssi tarjoaa majoitusta muotoilijoille, kuvataiteilijoille, arkkitehdeille sek\u00e4 s\u00e4veltaiteilijoille. Residenssiin voivat hakea sek\u00e4 suomalaiset ett\u00e4 ulkomaalaiset taiteilijat, ja siell\u00e4 voi asua kerrallaan kolme asukasta. Tilavassa huoneistossa on mahdollista pit\u00e4\u00e4 turvaet\u00e4isyytt\u00e4 toisiin asukkaisiin.<\/p>\n<p>Residenssi on avoinna vuoden ymp\u00e4ri, ja yksitt\u00e4iset residenssijaksot kest\u00e4v\u00e4t kolmesta yhdeks\u00e4\u00e4n kuukautta. Muun mittaisia residenssijaksoja harkitaan tapauskohtaisesti. Residenssist\u00e4 maksetaan vuokraa.<\/p>\n<p>Hakijoilta edellytet\u00e4\u00e4n taiteiden kandidaatin tutkintoa tai vastaavan tasoista koulutusta muotoilun, kuvataiteiden, musiikin tai arkkitehtuurin alalta.<\/p>\n<p>Jatkuva haku on k\u00e4ynniss\u00e4 2021\u20132022 residenssijaksoihin. Lis\u00e4tiedot: <a href=\"https:\/\/gretajawilliamlehtinen.fi\/taiteilijaresidenssi\/\">https:\/\/gretajawilliamlehtinen.fi\/taiteilijaresidenssi\/<\/a><\/p>\n<p>Viel\u00e4 on tilaa loppuvuodelle 2021.<\/p>\n<p>\/\/<\/p>\n<h2>Greta ja William Lehtinen Foundation \u2013 Artists Residence in Helsinki<\/h2>\n<p><strong>is currently accepting applications for 2021\u20132022.<\/strong><\/p>\n<p>The residence provides a unique living opportunity in the center of Helsinki. It is located in a historic 1906 Jugend ( Northern Art Nouveau) building where many famous artists had their ateliers. The building is located on Luotsikatu in the Katajanokka area, walking distance to the main market square and downtown. It is also easily accessible by transit.<\/p>\n<p>The residence is 138 m3, has three private bedrooms, a large common area kitchen, dining and living room. It has been fully renovated and furnished.<\/p>\n<p>The residency period varies from three to nine months. Long term residencies offer opportunities for deeper cultural exchanges and provide a creative atmosphere for one\u2019s own artistic concentration.<\/p>\n<p>To qualify for residency, applicants must have a Bachelors degree or Diploma from an accredited art school in the fields of Design, Visual Arts, Music and Architecture.<\/p>\n<p>There is a monthly fee for the accommodations. Residents are responsible for their own travel arrangements as well as their living costs during their stay.<\/p>\n<p>Application form and more information: <a href=\"https:\/\/gretajawilliamlehtinen.fi\/en\/artists-residence\/\">https:\/\/gretajawilliamlehtinen.fi\/en\/artists-residence\/<\/a><\/p>\n<hr \/>\n<h2>Liikkuvuusapurahat, Taike<\/h2>\n<p>Vuoden 2021 ensimm\u00e4isess\u00e4 haussa voi hakea apurahaa 12.1.2021 alkaen toteutuviin matkoihin. Matka voi toteutua vuoden 2021 aikana. Hakuaika p\u00e4\u00e4ttyy \u00a0<strong>15.03.2021.<br \/>\n<\/strong>Lis\u00e4tietoja: <a href=\"https:\/\/www.taike.fi\/\">https:\/\/www.taike.fi\/<\/a>\u00a0 , asiakaspalvelu@taike.fi tai p. 0295 330 700.<\/p>\n<p>\/\/<\/p>\n<h2>Grants for mobility<\/h2>\n<p>Application period: 12.01.2021 &#8211; <strong>15.03.2021<br \/>\n<\/strong>Read more: <a href=\"https:\/\/www.taike.fi\/en\/grants-for-artists\/-\/stipend\/9rRrDr7eX4Xl\/viewStipend\/11172\">Grants for artists | www.taike.fi<\/a><\/p>\n<hr \/>\n<h2>i-Portunus -liikkuvuustukihaut musiikille, kirjallisuudelle ja arkkitehtuurille<\/h2>\n<p>K\u00e4ynniss\u00e4 on nyt kolme hakukierrosta, joissa liikkuvuustukea voivat hakea<\/p>\n<ul>\n<li>kirjallisuuden k\u00e4\u00e4nt\u00e4j\u00e4t koulutustaustasta riippumatta<\/li>\n<li>s\u00e4velt\u00e4j\u00e4t, muusikot ja laulajat, erityisesti klassisen musiikin, jazzin ja kansanmusiikin puolelta<\/li>\n<li>arkkitehdit tai arkkitehtuurin parissa ty\u00f6skentelev\u00e4t kulttuurialan ammattilaiset.<\/li>\n<\/ul>\n<p>Musiikin ja kirjallisuuden haut p\u00e4\u00e4ttyv\u00e4t <strong>28.2.<\/strong>, arkkitehtuurin haku <strong>14.3.<\/strong> Matkustusaika on kes\u00e4kuu-marraskuu 2021. Tilanteesta riippuen on mahdollista toteuttaa my\u00f6s osin tai kokonaan virtuaalisia liikkuvuuksia<\/p>\n<p><a href=\"https:\/\/www.i-portunus.eu\/about-the-programme\/call-for-applications\/\">&gt;&gt;<\/a> Tutustu hakukierroksiin<\/p>\n<p>(Ennakkotiedon mukaan 15. helmikuuta k\u00e4ynnistyv\u00e4t i-Portunuksen viimeiset hakukierrokset kulttuuriperinn\u00f6n ammattilaisille, toinen s\u00e4velt\u00e4jille, muusikoille ja laulajille suunnattu haku.)<\/p>\n<hr \/>\n<div class=\"o9v6fnle cxmmr5t8 oygrvhab hcukyx3x c1et5uql ii04i59q\">\n<h2 dir=\"auto\">S\u00e4r\u00f6n Oder-residenssi (FI)<\/h2>\n<\/div>\n<p>S\u00e4r\u00f6n Oder-residenssi tarjoaa ty\u00f6rauhaa ja inspiraatiota kirjoittamiseen ja muuhun taiteelliseen tai tieteelliseen ty\u00f6skentelyyn. Kuvataiteilijoille on tarjolla edullista ty\u00f6tilaa samasta korttelista. \u2014 Oder-residenssi sijaitsee Frankfurt an der Oderissa it\u00e4isess\u00e4 Saksassa Puolan rajalla.<\/p>\n<p>Vuoden 2021 vapaat jaksot ja lis\u00e4tiedot l\u00f6ytyv\u00e4t sivuilta <a href=\"https:\/\/www.sarolehti.net\/o\/tiedotteet.php\">https:\/\/www.sarolehti.net\/o\/tiedotteet.php<\/a><br \/>\nJatkuva\u00a0haku.<\/p>\n<p>Jos olet kiinnostunut ty\u00f6skentelyst\u00e4 residenssiss\u00e4 ja sinulla on kysymyksi\u00e4 esim. matkustusm\u00e4\u00e4r\u00e4yksist\u00e4, ota yhteytt\u00e4 residenssikoordinaattoriin: saro.residenssi@gmail.com tai 041 535 6065.<\/p>\n<hr \/>\n<h2>KulttuuriKauppila (FI)<\/h2>\n<div class=\"kvgmc6g5 cxmmr5t8 oygrvhab hcukyx3x c1et5uql ii04i59q\">\n<div dir=\"auto\">Haku residenssijaksoille 2021 on avoinna! Lue lis\u00e4\u00e4: <a class=\"oajrlxb2 g5ia77u1 qu0x051f esr5mh6w e9989ue4 r7d6kgcz rq0escxv nhd2j8a9 nc684nl6 p7hjln8o kvgmc6g5 cxmmr5t8 oygrvhab hcukyx3x jb3vyjys rz4wbd8a qt6c0cv9 a8nywdso i1ao9s8h esuyzwwr f1sip0of lzcic4wl py34i1dx gpro0wi8\" tabindex=\"0\" role=\"link\" href=\"https:\/\/l.facebook.com\/l.php?u=http%3A%2F%2Fwww.kulttuurikauppila.fi%2Fnews%2Fhaku-avoinna-kulttuurikauppilan-residenssiohjelmiin-vuodelle-2021%2F%3Ffbclid%3DIwAR0cxgdH0hjmjvF9nWXbH0I3Y8vFY-mSQvLCjFRmz6JlScCNAK3ebbDFrtQ&amp;h=AT0bfJ6WUweB94nzhXHrhW_wT8rKmE65KmjnzU8h3yDFye_PP4LooG-dXqjjdBYjj_uJCoewwX0MGDBAxOyi9d-X3Xu30ADkj7QRIAu8Yut14UOSdIsdfvtNH82imon58O3m3jd12573ZPuV_A&amp;__tn__=-UK-y-R&amp;c[0]=AT3zeD0kPJ2RA15GM8VuGlMmt3pJRBZ5x3SL4XzEyWQJxQnDudcFtSewJGzY8c2grOTztTNtKchbH70sd0TRaU70zm65KKwPBusrG-eVNv98uXYgaQBtjPBVN-j0IwtobZBZ95QJC7c5GdChr6q5iQub71nERARmpnoORTilYgk-zx50u7aaJMg1cvY4TA-TyIKiV7Ey8Xz7oq7UGFPXXxNGSgH0AHgvYin6sHvKOMFQCjOaVji_n4Tp\" target=\"_blank\" rel=\"nofollow noopener\">http:\/\/www.kulttuurikauppila.fi\/\u2026\/haku-avoinna\u2026\/<\/a><\/div>\n<\/div>\n<div class=\"o9v6fnle cxmmr5t8 oygrvhab hcukyx3x c1et5uql ii04i59q\">\n<div dir=\"auto\">\/\/<\/div>\n<div dir=\"auto\">Call for Residency Programmes 2021 is now open! Learn more: <a class=\"oajrlxb2 g5ia77u1 qu0x051f esr5mh6w e9989ue4 r7d6kgcz rq0escxv nhd2j8a9 nc684nl6 p7hjln8o kvgmc6g5 cxmmr5t8 oygrvhab hcukyx3x jb3vyjys rz4wbd8a qt6c0cv9 a8nywdso i1ao9s8h esuyzwwr f1sip0of lzcic4wl py34i1dx gpro0wi8\" tabindex=\"0\" role=\"link\" href=\"http:\/\/www.kulttuurikauppila.fi\/en\/news\/open-call-for-kulttuurikauppila-residency-programmes-2021\/?fbclid=IwAR2TcWr6hGf2RjdG78x3IRdBtt7NCXSHqmamr4wnsAwufwBAixfVHyn5hgc\" target=\"_blank\" rel=\"nofollow noopener\">http:\/\/www.kulttuurikauppila.fi\/\u2026\/open-call-for\u2026\/<\/a><\/div>\n<\/div>\n<hr \/>\n<h2>Villa Sarkia (FI)<\/h2>\n<p><a href=\"https:\/\/nuorenvoimanliitto.fi\/residenssi\" target=\"_blank\" rel=\"noopener noreferrer\">Villa Sarkia<\/a> on Sysm\u00e4n keskustassa sijaitseva kansainv\u00e4linen residenssi kirjailijoille, k\u00e4sikirjoittajille, k\u00e4\u00e4nt\u00e4jille ja ty\u00f6ryhmille. Residenssiin on vapautunut paikkoja pikaisella varoitusajalla helmi-maaliskuulle 2021. Vapautuneet paikat my\u00f6nnet\u00e4\u00e4n soveltuville hakijoille ilmoittautumisj\u00e4rjestyksess\u00e4.<\/p>\n<p>Residenssiss\u00e4 on kolme yksitt\u00e4ist\u00e4 kirjailijahuonetta sek\u00e4 yleiset, yhteiset tilat. Talo on tilava, joten turvav\u00e4lien pit\u00e4minen onnistuu hyvin. Residenssiss\u00e4 asuminen on maksutonta. NVL ei vastaa asukkaiden matkakuluista tai muista kuluista.<\/p>\n<p>Peruutuspaikkoja voi tiedustella osoitteesta laura.serkosalo@nuorenvoimanliitto.fi.<\/p>\n<hr \/>\n<h2>Taiteilija-\/tutkijahaku Taiteilijatalo Hupeliin (FI)<\/h2>\n<p>Haku kohdistuu huhtikuulle 2021 (6.-30.4.2021). Alustavia varauksia taiteilijataloon voi tehd\u00e4 my\u00f6s loka-marraskuulle 2021.<\/p>\n<p>Pielisen rannalla sijaitsevan taiteilijatalo Hupelin tilat muodostuvat kolmesta asunnosta (2 vuodepaikkaa kussakin), kolmesta ty\u00f6tilasta sek\u00e4 yhteistiloista kuten tupa ja erillinen rantasauna.<\/p>\n<p>Taiteilijatalossa voi ty\u00f6skennell\u00e4 yht\u00e4 aikaa kolme henkil\u00f6\u00e4. Taiteilijoille on talossa varattu kaksi ty\u00f6tilaa, joista yksi on ateljeehuone ja toinen tarvittaessa tutkijan huone. Kirjallisiin toimintoihin on varattu kirjailijan kammari. Tilavuokra on 20\u20ac\/vrk, lis\u00e4henkil\u00f6st\u00e4 lis\u00e4maksu. V\u00e4himm\u00e4isty\u00f6skentelyaika on 5 vrk.<\/p>\n<p>Lis\u00e4tietoja: Kulttuuriseura Pielisen Lumo ry, Reino Kuivalainen, sihteeri-tiedottaja<br \/>\ntel. +358 400170255, email. pielisenlumo@vuonis.net<br \/>\n<a href=\"http:\/\/www.pielisenlumo.fi\/?fbclid=IwAR0ciTs0XyRFR_tYknft3wqLUKPed4uzqqudExLcM1ktAPJm7kvE4joylUM\">www.pielisenlumo.fi<\/a><\/p>\n<hr \/>\n<h2>Vanhan Paukun taiteilijaresidenssi (FI)<\/h2>\n<p>Vanhan Paukun taiteilijaresidenssi hakee Suomessa asuvia taiteilijoita Lapuan taiteilijaresidenssiin tammi- ja toukokuun 2021 v\u00e4liselle ajalle alennetuin hinnoin.<br \/>\nTaiteilijan k\u00e4ytt\u00f6\u00f6n tarjotaan oma asunto, ty\u00f6piste ja ty\u00f6v\u00e4lineit\u00e4 pimi\u00f6st\u00e4 suurkuvatulostimeen.<br \/>\nTarkemmat tiedot sivuilta <a href=\"https:\/\/vanhapaukku.fi\/palvelut\/artistresidency\/\">https:\/\/vanhapaukku.fi\/palvelut\/artistresidency\/<\/a><\/p>\n<hr \/>\n<h2>Marbellan ateljeetalo, vapaat jaksot (ES)<\/h2>\n<p>Ateljees\u00e4\u00e4ti\u00f6 vuokraa Suomen Taiteilijaseuran omistamaa Marbellan ateljeetaloa suomalais<span class=\"text_exposed_show\">ille tai Suomessa asuville kuvataiteilijoille.<br \/>\nVuonna 2021 vapaita paikkoja on helmi-maaliskuussa.<br \/>\n<\/span><span class=\"text_exposed_show\">Lue lis\u00e4\u00e4 ateljeetalosta ja hakemisesta <\/span>sivuilta <a href=\"https:\/\/l.facebook.com\/l.php?u=https%3A%2F%2Fwww.ateljeesaatio.fi%2Fcategory%2Fhaettavana%2F%3Ffbclid%3DIwAR2VwzbcJCY142cpToKq2u_l2VoT7GgvOiTgwpegshYUZDJYEQJEdZ5mIOE&amp;h=AT11vZEgz4Ws3YnMryoW27cHO7WGqmbOKd22_IrL3tQe-HkdEMKmsYr2ubB0PyyJ-kHaAT5fb10cqaOZQE3JgCf_YsNNhFuKEsSvPXHF39MqEuCl2ISQC_tK707n4Rh4af10n7qvdGlya0Ppyfby5SoL8pW-k4YeZgyjKBpGc3AqWy7IF0Y_iiFfxEi8aKYVat-jtr-9aF84VujjyN6MkakJP4APkYfD15tVv1Edj84t0eXRJOrsp2BsT7Ug0kzNWZRc7etG3dg2-6GnX6toxmGXlSlFZ3dJwR6tJVxEmd5FFOvkIq-txpR1avFY4jCFabCx5U0yGpN6RsrHvA7DoZtFCecybVxhnX5EDKzkK3PrvRSL71pZH_E9yb-37RIXasL9dVXb87KwCD4FJqUXb1ZQdRDDCpq5QvhSQ1JmpVWlsO6K5AzGnU0K62bCcBW65qzKx72U5ps6U74_-biRw-Tn8dN_eaP3FyQ5JsGJdUaUJm3frp9WfR7qxBXNBSlzoQZf5B-JTRd_P5tigXOZ5BBMuTeb_eYfcGgkQowbh81agrkwTMNa2Dl4SiKlGVur7OYU4eOzeMGlx8wBULJVbujfNd7U2tqwGAiQThBWBvALwz1XJD8MBRHj1Hk9nmGFVD2CKo-qaJUtuCZL-trHta1NXx2LNCOsNg9rUhFmm7Zb1X6PQ1XkuHF116dn9bEu8E8KpKNN1xN_79aCYoGXzXLTaRePi9YVb9rbY7ympV_ObMsd1gjrYPiS4_12pXv-sm9Yu_HBwWDXGab-vmmM6Cw00p_u0s0MdcuB-XF0AiADJb3o0ATnU890Dk3DeiNWjhx6EiiP14YVCgZE7chj2D2Vn9RvTFrQUTFMz36U05Gr\" target=\"_blank\" rel=\"noopener nofollow noreferrer\" data-ft=\"{&quot;tn&quot;:&quot;-U&quot;}\" data-lynx-mode=\"async\">https:\/\/www.ateljeesaatio.fi\/category\/haettavana\/<\/a><\/p>\n<hr \/>\n<h2>Pohjoismaisen kulttuuripiste:<\/h2>\n<h2>Liikkuvuustuki<\/h2>\n<p>Liikkuvuustuki on osa Pohjoismaiden ja Baltian maiden kulttuurialan liikkuvuusohjelmaa. Kyse on matka- ja oleskelutuesta matkoilla Pohjois- ja Baltian maissa. Matkan tavoitteena voi esimerkiksi olla yhteisty\u00f6 toisen maan kollegoiden kanssa, vierailun\u00e4yt\u00f6s, n\u00e4yttely, osallistuminen konferenssiin, kokoukseen tai ty\u00f6pajaan tai tutkimusty\u00f6.<\/p>\n<p>Liikkuvuustukea my\u00f6nnet\u00e4\u00e4n matkoihin Pohjoismaiden ja\/tai Baltian maiden ja alueiden v\u00e4lill\u00e4. Tukea voivat hakea kaikkien kulttuuri- ja taidealojen ammattitaiteilijat ja kulttuurity\u00f6ntekij\u00e4t (kuten kuraattorit, tuottajat, kaunokirjallisuuden k\u00e4\u00e4nt\u00e4j\u00e4t, kulttuuritoimittajat tai tutkijat); yksityishenkil\u00f6t ja enint\u00e4\u00e4n kuuden henkil\u00f6n ryhm\u00e4t. Liikkuvuustuen ehtona on asuminen Pohjolassa (Ahvenanmaa, F\u00e4rsaaret, Gr\u00f6nlanti, Islanti, Norja, Ruotsi, Suomi tai Tanska) tai Baltiassa (Latvia, Liettua tai Viro), mutta jonkin mainitun maan kansalaisuutta ei vaadita. Liikkuvuustukea my\u00f6nnet\u00e4\u00e4n enint\u00e4\u00e4n kymmenen p\u00e4iv\u00e4n matkaan ja oleskeluun. Tuki koostuu kiinte\u00e4st\u00e4 p\u00e4iv\u00e4rahasta ja kiinteist\u00e4 keskim\u00e4\u00e4r\u00e4isist\u00e4 matkakustannuksista oleskelun pituuden ja matkakohteen mukaan.<\/p>\n<p><strong>Haku\u00adajat:<br \/>\n<\/strong>11.01.2021 \u2013 08.02.2021 15:59<br \/>\n<strong>01.03.2021 \u2013 31.03.2021 15:59<\/strong><br \/>\n01.09.2021 \u2013 30.09.2021 15:59<\/p>\n<p>Lue lis\u00e4\u00e4 <a href=\"https:\/\/www.nordiskkulturkontakt.org\/fi\/grants\/liikkuvuustuki\">https:\/\/www.nordiskkulturkontakt.org\/fi\/grants\/liikkuvuustuki <\/a><\/p>\n<h2>Residenssikeskusten tuki<\/h2>\n<p>T\u00e4m\u00e4 ohjelma tukee taiteilijaresidenssej\u00e4 Pohjoismaissa ja Baltian maissa. Residenssit vastaanottavat ammattilaistaiteilijoita ja kulttuurialan toimijoita muista Pohjoismaista tai Baltian maista.<\/p>\n<p><strong>Haku\u00adajat:<\/strong><br \/>\n11.01.2021 \u2013 11.02.2021 15:59<\/p>\n<p>Lue lis\u00e4\u00e4 <a href=\"https:\/\/www.nordiskkulturkontakt.org\/fi\/tukiohjelmat\/tietoa-tukiohjelmista\/residenssikeskusten-tuki\/\">Residenssikeskusten tuki | Pohjoismainen kulttuuripiste (nordiskkulturkontakt.org)<\/a><\/p>\n","protected":false},"excerpt":{"rendered":"<p>Circolo Scandinavo (IT) Artist in Residency Program October 2021 &#8211; September 2022 Artists from all Nordic countries and all art disciplines may apply.\u00a0 The application period is from 1st of February to 1st of April. <a href=\"https:\/\/www.circoloscandinavo.it\/residency-program\/\">https:\/\/www.circoloscandinavo.it\/residency-program\/<\/a> Serlachius residenssi \/ Serlachius residency&#8230;<br \/><a class=\"btn btn-primary\" href=\"https:\/\/www.fairenetwork.com\/en\/haettavana\/\">Read more<\/a><\/p>\n","protected":false},"author":1,"featured_media":0,"parent":0,"menu_order":3,"comment_status":"closed","ping_status":"closed","template":"","meta":{"_acf_changed":false,"footnotes":""},"class_list":["post-1682","page","type-page","status-publish","hentry"],"acf":[],"_links":{"self":[{"href":"https:\/\/www.fairenetwork.com\/en\/wp-json\/wp\/v2\/pages\/1682","targetHints":{"allow":["GET"]}}],"collection":[{"href":"https:\/\/www.fairenetwork.com\/en\/wp-json\/wp\/v2\/pages"}],"about":[{"href":"https:\/\/www.fairenetwork.com\/en\/wp-json\/wp\/v2\/types\/page"}],"author":[{"embeddable":true,"href":"https:\/\/www.fairenetwork.com\/en\/wp-json\/wp\/v2\/users\/1"}],"replies":[{"embeddable":true,"href":"https:\/\/www.fairenetwork.com\/en\/wp-json\/wp\/v2\/comments?post=1682"}],"version-history":[{"count":0,"href":"https:\/\/www.fairenetwork.com\/en\/wp-json\/wp\/v2\/pages\/1682\/revisions"}],"wp:attachment":[{"href":"https:\/\/www.fairenetwork.com\/en\/wp-json\/wp\/v2\/media?parent=1682"}],"curies":[{"name":"wp","href":"https:\/\/api.w.org\/{rel}","templated":true}]}}